{"id":330,"date":"2018-06-19T09:06:23","date_gmt":"2018-06-19T09:06:23","guid":{"rendered":"http:\/\/bridge250.qodeinteractive.com\/?page_id=7"},"modified":"2024-08-21T17:51:55","modified_gmt":"2024-08-21T17:51:55","slug":"gestion-laboral-y-fiscalidad-de-autonomos-y-empresas","status":"publish","type":"page","link":"https:\/\/www.virgendeoctubre.com\/","title":{"rendered":"Inicio"},"content":{"rendered":"<div class=\"wpb-content-wrapper\"><p>[vc_row css_animation=\u00bb\u00bb row_type=\u00bbrow\u00bb use_row_as_full_screen_section=\u00bbyes\u00bb type=\u00bbgrid\u00bb angled_section=\u00bbno\u00bb text_align=\u00bbleft\u00bb background_image_as_pattern=\u00bbwithout_pattern\u00bb z_index=\u00bb\u00bb css=\u00bb.vc_custom_1724192851480{background-image: url(https:\/\/www.virgendeoctubre.com\/wp-content\/uploads\/2024\/08\/FIRST-1.jpg?id=384) !important;}\u00bb][vc_column][qode_elements_holder number_of_columns=\u00bbone_column\u00bb][qode_elements_holder_item advanced_animations=\u00bbno\u00bb item_padding=\u00bb51px 0px 0px 29px\u00bb item_padding_1280_1440=\u00bb73px 0px 0px 0px\u00bb item_padding_1024_1280=\u00bb73px 0px 0px 0px\u00bb item_padding_600_768=\u00bb51px 0px 25px 0px\u00bb][vc_column_text css=\u00bb\u00bb]<\/p>\n<h1>Asesor\u00eda fiscal y contable<\/h1>\n<p>[\/vc_column_text][vc_empty_space height=\u00bb20px\u00bb][vc_column_text css=\u00bb\u00bb]<\/p>\n<h3><span style=\"color: #eedaf5;\">Cada cliente y profesional recibe un trato espec\u00edfico para su situaci\u00f3n particular<\/span><\/h3>\n<p>[\/vc_column_text][vc_empty_space height=\u00bb40px\u00bb][\/qode_elements_holder_item][\/qode_elements_holder][\/vc_column][\/vc_row][vc_row css_animation=\u00bb\u00bb row_type=\u00bbrow\u00bb use_row_as_full_screen_section=\u00bbyes\u00bb type=\u00bbgrid\u00bb header_style=\u00bbdark\u00bb angled_section=\u00bbno\u00bb text_align=\u00bbleft\u00bb background_image_as_pattern=\u00bbwithout_pattern\u00bb z_index=\u00bb\u00bb css=\u00bb.vc_custom_1529586965681{background-image: url(http:\/\/bridge250.qodeinteractive.com\/wp-content\/uploads\/2018\/06\/background-first.jpg?id=41) !important;}\u00bb][vc_column][vc_empty_space height=\u00bb27px\u00bb][vc_column_text css=\u00bb\u00bb]<\/p>\n<h2>Aprovecha el KIT DIGITAL para poner al d\u00eda tu empresa<\/h2>\n<p>[\/vc_column_text][vc_empty_space height=\u00bb45px\u00bb][vc_row_inner row_type=\u00bbrow\u00bb type=\u00bbfull_width\u00bb text_align=\u00bbcenter\u00bb css_animation=\u00bb\u00bb][vc_column_inner offset=\u00bbvc_col-lg-4 vc_col-md-4&#8243; css=\u00bb.vc_custom_1529493190995{margin-bottom: 20px !important;}\u00bb][qode_elements_holder number_of_columns=\u00bbone_column\u00bb][qode_elements_holder_item advanced_animations=\u00bbno\u00bb background_color=\u00bb#ffffff\u00bb item_padding=\u00bb60px 50px 60px 50px\u00bb][vc_single_image image=\u00bb341&#8243; img_size=\u00bbfull\u00bb alignment=\u00bbcenter\u00bb css=\u00bb\u00bb qode_css_animation=\u00bb\u00bb][vc_empty_space height=\u00bb30px\u00bb][vc_column_text css=\u00bb\u00bb]<\/p>\n<h3>Gestiones de empresa y aut\u00f3nomos<\/h3>\n<p>[\/vc_column_text][vc_empty_space height=\u00bb10px\u00bb][vc_column_text css=\u00bb\u00bb]Nos encargamos de la gesti\u00f3n laboral, contratos, n\u00f3minas y las tareas administrativas que requieren tiempo y dedicaci\u00f3n. Enf\u00f3cate en lo que realmente importa para tu negocio.[\/vc_column_text][vc_empty_space height=\u00bb30px\u00bb][\/qode_elements_holder_item][\/qode_elements_holder][\/vc_column_inner][vc_column_inner offset=\u00bbvc_col-lg-4 vc_col-md-4&#8243; css=\u00bb.vc_custom_1529493253932{margin-bottom: 20px !important;}\u00bb][qode_elements_holder number_of_columns=\u00bbone_column\u00bb][qode_elements_holder_item advanced_animations=\u00bbno\u00bb background_color=\u00bb#ffffff\u00bb item_padding=\u00bb60px 50px 60px 50px\u00bb][vc_single_image image=\u00bb343&#8243; img_size=\u00bbfull\u00bb alignment=\u00bbcenter\u00bb css=\u00bb\u00bb qode_css_animation=\u00bb\u00bb][vc_empty_space height=\u00bb30px\u00bb][vc_column_text css=\u00bb\u00bb]<\/p>\n<h3>Asesoramiento y gesti\u00f3n contable<\/h3>\n<p>[\/vc_column_text][vc_empty_space height=\u00bb10px\u00bb][vc_column_text css=\u00bb\u00bb]Orientaci\u00f3n experta sobre temas financieros y fiscales, asegurando el cumplimiento normativo y optimizando los recursos econ\u00f3micos de su empresa o situaci\u00f3n particular.[\/vc_column_text][vc_empty_space height=\u00bb30px\u00bb][\/qode_elements_holder_item][\/qode_elements_holder][\/vc_column_inner][vc_column_inner offset=\u00bbvc_col-lg-4 vc_col-md-4&#8243; css=\u00bb.vc_custom_1529493259882{margin-bottom: 20px !important;}\u00bb][qode_elements_holder number_of_columns=\u00bbone_column\u00bb][qode_elements_holder_item advanced_animations=\u00bbno\u00bb background_color=\u00bb#ffffff\u00bb item_padding=\u00bb60px 50px 60px 50px\u00bb][vc_single_image image=\u00bb342&#8243; img_size=\u00bbfull\u00bb alignment=\u00bbcenter\u00bb css=\u00bb\u00bb qode_css_animation=\u00bb\u00bb][vc_empty_space height=\u00bb30px\u00bb][vc_column_text css=\u00bb\u00bb]<\/p>\n<h3>Fiscalidad de aut\u00f3nomos y empresas<\/h3>\n<p>[\/vc_column_text][vc_empty_space height=\u00bb10px\u00bb][vc_column_text css=\u00bb\u00bb]Preparaci\u00f3n y revisi\u00f3n de estados financieros, declaraciones de impuestos, y la implementaci\u00f3n de estrategias contables que favorezcan la eficiencia y sostenibilidad financiera.[\/vc_column_text][vc_empty_space height=\u00bb30px\u00bb][\/qode_elements_holder_item][\/qode_elements_holder][\/vc_column_inner][\/vc_row_inner][\/vc_column][\/vc_row][vc_row css_animation=\u00bb\u00bb row_type=\u00bbrow\u00bb use_row_as_full_screen_section=\u00bbyes\u00bb type=\u00bbfull_width\u00bb angled_section=\u00bbno\u00bb text_align=\u00bbleft\u00bb background_image_as_pattern=\u00bbwithout_pattern\u00bb z_index=\u00bb\u00bb css=\u00bb.vc_custom_1724186676337{padding-top: 9% !important;background-image: url(https:\/\/www.virgendeoctubre.com\/wp-content\/uploads\/2024\/08\/FONDO-PAGINA-2.jpg?id=349) !important;}\u00bb][vc_column][vc_row_inner row_type=\u00bbrow\u00bb type=\u00bbgrid\u00bb text_align=\u00bbleft\u00bb css_animation=\u00bb\u00bb][vc_column_inner width=\u00bb1\/4&#8243;][\/vc_column_inner][vc_column_inner css=\u00bb.vc_custom_1529493397546{border-top-width: 10px !important;border-right-width: 10px !important;border-bottom-width: 10px !important;border-left-width: 10px !important;border-left-color: #ffffff !important;border-left-style: solid !important;border-right-color: #ffffff !important;border-right-style: solid !important;border-top-color: #ffffff !important;border-top-style: solid !important;border-bottom-color: #ffffff !important;border-bottom-style: solid !important;}\u00bb offset=\u00bbvc_col-lg-9 vc_col-md-9&#8243;][qode_elements_holder number_of_columns=\u00bbone_column\u00bb custom_class=\u00bbqode-counter-row\u00bb][qode_elements_holder_item advanced_animations=\u00bbno\u00bb item_padding=\u00bb101px 0px 141px 316px\u00bb item_padding_1280_1440=\u00bb155px 0 91px 296px\u00bb item_padding_1024_1280=\u00bb93px 0 91px 296px\u00bb item_padding_768_1024=\u00bb41px 0px 41px 226px\u00bb item_padding_600_768=\u00bb13px 0px 52px 16px\u00bb item_padding_480_600=\u00bb8px 0px 40px 8px\u00bb item_padding_480=\u00bb8px 0px 40px 8px\u00bb][vc_column_text css=\u00bb\u00bb]<\/p>\n<h2><span style=\"color: #ffffff;\">Implementa un sistema de gesti\u00f3n automatizado en la nube a cargo del KIT DIGITAL<\/span><\/h2>\n<p>[\/vc_column_text][vc_empty_space height=\u00bb22px\u00bb][vc_column_text css=\u00bb\u00bb]<span style=\"color: #ffffff;\">Para <strong>impulsar la digitalizaci\u00f3n de las empresas<\/strong> que m\u00e1s lo necesitan, el Gobierno ha aprobado un programa de ayudas, financiado por la uni\u00f3n europea a trav\u00e9s de los <strong>Fondos Europeos Next Generation<\/strong>, de m\u00e1s de <strong>3.000 millones de euros<\/strong>.<\/span>[\/vc_column_text][vc_empty_space height=\u00bb22px\u00bb]<a  itemprop=\"url\" href=\"https:\/\/www.virgendeoctubre.com\/?page_id=262\" target=\"_self\" data-hover-background-color='#ffffff' data-hover-border-color='#ffffff' data-hover-color='#8a31e2' class=\"qbutton  big_large center default\" style=\"background-color: #f2c037;\">\u00bfQUI\u00c9RES SABER M\u00c1S?<\/a>[\/qode_elements_holder_item][\/qode_elements_holder][\/vc_column_inner][\/vc_row_inner][vc_row_inner row_type=\u00bbrow\u00bb type=\u00bbgrid\u00bb text_align=\u00bbleft\u00bb css_animation=\u00bb\u00bb][vc_column_inner el_class=\u00bbqode-disable-negative-margin\u00bb css=\u00bb.vc_custom_1529501790542{margin-top: -95% !important;}\u00bb offset=\u00bbvc_col-lg-6 vc_col-md-6&#8243;][vc_single_image image=\u00bb355&#8243; img_size=\u00bbfull\u00bb css=\u00bb\u00bb qode_css_animation=\u00bb\u00bb][\/vc_column_inner][vc_column_inner width=\u00bb1\/2&#8243;][\/vc_column_inner][\/vc_row_inner][\/vc_column][\/vc_row][vc_row css_animation=\u00bb\u00bb row_type=\u00bbrow\u00bb use_row_as_full_screen_section=\u00bbyes\u00bb type=\u00bbfull_width\u00bb angled_section=\u00bbno\u00bb text_align=\u00bbleft\u00bb background_image_as_pattern=\u00bbwithout_pattern\u00bb z_index=\u00bb\u00bb css=\u00bb.vc_custom_1724190047859{padding-top: 9% !important;background-image: url(https:\/\/www.virgendeoctubre.com\/wp-content\/uploads\/2024\/08\/fondo-cabecera.jpg?id=350) !important;}\u00bb][vc_column][vc_column_text css=\u00bb\u00bb]<\/p>\n<h2 style=\"text-align: center;\"><strong><span style=\"color: #ffffff;\">Pasos para el tr\u00e1mite del Kit Digital<\/span><\/strong><\/h2>\n<p>[\/vc_column_text][vc_empty_space height=\u00bb20px\u00bb][vc_row_inner row_type=\u00bbrow\u00bb type=\u00bbfull_width\u00bb text_align=\u00bbcenter\u00bb css_animation=\u00bb\u00bb][vc_column_inner offset=\u00bbvc_col-lg-4 vc_col-md-4&#8243; css=\u00bb.vc_custom_1529493190995{margin-bottom: 20px !important;}\u00bb][qode_elements_holder number_of_columns=\u00bbone_column\u00bb][qode_elements_holder_item advanced_animations=\u00bbno\u00bb background_color=\u00bb#ffffff\u00bb item_padding=\u00bb60px 50px 60px 50px\u00bb][vc_single_image image=\u00bb362&#8243; img_size=\u00bbfull\u00bb alignment=\u00bbcenter\u00bb css=\u00bb\u00bb qode_css_animation=\u00bb\u00bb][vc_empty_space height=\u00bb10px\u00bb][vc_column_text css=\u00bb\u00bb]<\/p>\n<h3>Contacta y facil\u00edtanos tus datos<\/h3>\n<p>[\/vc_column_text][vc_empty_space height=\u00bb10px\u00bb][vc_column_text css=\u00bb\u00bb]Son necearios algunos datos de tu parte para tramitar por ti la subvenci\u00f3n.[\/vc_column_text][vc_empty_space height=\u00bb10px\u00bb][\/qode_elements_holder_item][\/qode_elements_holder][\/vc_column_inner][vc_column_inner offset=\u00bbvc_col-lg-4 vc_col-md-4&#8243; css=\u00bb.vc_custom_1529493253932{margin-bottom: 20px !important;}\u00bb][qode_elements_holder number_of_columns=\u00bbone_column\u00bb][qode_elements_holder_item advanced_animations=\u00bbno\u00bb background_color=\u00bb#ffffff\u00bb item_padding=\u00bb60px 50px 60px 50px\u00bb][vc_single_image image=\u00bb363&#8243; img_size=\u00bbfull\u00bb alignment=\u00bbcenter\u00bb css=\u00bb\u00bb qode_css_animation=\u00bb\u00bb][vc_empty_space height=\u00bb10px\u00bb][vc_column_text css=\u00bb\u00bb]<\/p>\n<h3>Autor\u00edzanos como tramitador<\/h3>\n<p>[\/vc_column_text][vc_empty_space height=\u00bb10px\u00bb][vc_column_text css=\u00bb\u00bb]Debes firmar un documento de Representante Voluntario para tramitar en tu nombre.[\/vc_column_text][vc_empty_space height=\u00bb10px\u00bb][\/qode_elements_holder_item][\/qode_elements_holder][\/vc_column_inner][vc_column_inner offset=\u00bbvc_col-lg-4 vc_col-md-4&#8243; css=\u00bb.vc_custom_1529493259882{margin-bottom: 20px !important;}\u00bb][qode_elements_holder number_of_columns=\u00bbone_column\u00bb][qode_elements_holder_item advanced_animations=\u00bbno\u00bb background_color=\u00bb#ffffff\u00bb item_padding=\u00bb60px 50px 60px 50px\u00bb][vc_single_image image=\u00bb364&#8243; img_size=\u00bbfull\u00bb alignment=\u00bbcenter\u00bb css=\u00bb\u00bb qode_css_animation=\u00bb\u00bb][vc_empty_space height=\u00bb10px\u00bb][vc_column_text css=\u00bb\u00bb]<\/p>\n<h3>Realizamos los tr\u00e1mites<\/h3>\n<p>[\/vc_column_text][vc_empty_space height=\u00bb10px\u00bb][vc_column_text css=\u00bb\u00bb]Una vez concedido el Kit Digital podr\u00e1s elegir las opciones que podemos ofrecerte[\/vc_column_text][vc_empty_space height=\u00bb10px\u00bb][\/qode_elements_holder_item][\/qode_elements_holder][\/vc_column_inner][\/vc_row_inner]<a  itemprop=\"url\" href=\"https:\/\/www.virgendeoctubre.com\/?page_id=283\" target=\"_self\" data-hover-background-color='#ffffff' data-hover-border-color='#ffffff' data-hover-color='#8224e3' class=\"qbutton  big_large_full_width center default\" style=\"color: #ffffff; background-color: #8224e3;\">CONTACTA<\/a>[vc_single_image image=\u00bb339&#8243; img_size=\u00bbfull\u00bb alignment=\u00bbcenter\u00bb css=\u00bb\u00bb qode_css_animation=\u00bb\u00bb][\/vc_column][\/vc_row][vc_row css_animation=\u00bb\u00bb row_type=\u00bbrow\u00bb use_row_as_full_screen_section=\u00bbyes\u00bb type=\u00bbfull_width\u00bb angled_section=\u00bbno\u00bb text_align=\u00bbleft\u00bb background_image_as_pattern=\u00bbwithout_pattern\u00bb z_index=\u00bb\u00bb css=\u00bb.vc_custom_1724252811863{padding-top: 1% !important;background-image: url(https:\/\/www.virgendeoctubre.com\/wp-content\/uploads\/2024\/08\/Sin-titulo-4.jpg?id=361) !important;}\u00bb][vc_column width=\u00bb1\/2&#8243;][qode_elements_holder number_of_columns=\u00bbone_column\u00bb][qode_elements_holder_item advanced_animations=\u00bbno\u00bb item_padding=\u00bb42% 15% 25% 17%\u00bb item_padding_1280_1440=\u00bb31% 10%\u00bb item_padding_1024_1280=\u00bb28% 10%\u00bb item_padding_768_1024=\u00bb40% 15% 25% 9%\u00bb item_padding_600_768=\u00bb22% 15% 25% 9%\u00bb item_padding_480_600=\u00bb22% 15% 25% 9%\u00bb item_padding_480=\u00bb22% 15% 25% 9%\u00bb][vc_column_text css=\u00bb\u00bb]<\/p>\n<h2>Tu gestor\u00eda de confianza en la Sierra Norte de Madrid<\/h2>\n<p>[\/vc_column_text][vc_empty_space height=\u00bb22px\u00bb][vc_column_text css=\u00bb\u00bb]<\/p>\n<h5>Servicios de gestor\u00eda financiera y contable para tu empresa. Nos encargamos de la planificaci\u00f3n fiscal, control de cuentas, y cumplimiento con hacienda y seguridad social, garantizando que tu negocio est\u00e9 siempre en orden y optimizando tus recursos. \u00a1Deja tus finanzas en manos expertas y enf\u00f3cate en lo que realmente importa!<\/h5>\n<p>[\/vc_column_text][vc_empty_space height=\u00bb22px\u00bb][\/qode_elements_holder_item][\/qode_elements_holder][\/vc_column][vc_column width=\u00bb1\/2&#8243;][qode_elements_holder number_of_columns=\u00bbone_column\u00bb][qode_elements_holder_item advanced_animations=\u00bbno\u00bb item_padding=\u00bb42% 15% 25% 17%\u00bb item_padding_1280_1440=\u00bb31% 10%\u00bb item_padding_1024_1280=\u00bb28% 10%\u00bb item_padding_768_1024=\u00bb40% 15% 25% 9%\u00bb item_padding_600_768=\u00bb22% 15% 25% 9%\u00bb item_padding_480_600=\u00bb22% 15% 25% 9%\u00bb item_padding_480=\u00bb22% 15% 25% 9%\u00bb]<div class=\"q_icon_list\"><i class=\"qode_icon_font_awesome fa fa-map-marker qode-ili-icon-holder transparent\" style=\"font-size: 20px;color: #8e3be2;\" ><\/i><p style=\"color:#383838;font-size: 15px;\">El Vell\u00f3n, 28722 (Madrid)<\/p><\/div><div class=\"q_icon_list\"><i class=\"qode_icon_font_awesome fa fa-phone qode-ili-icon-holder transparent\" style=\"font-size: 20px;color: #8b34e2;\" ><\/i><p style=\"color:#383838;font-size: 15px;\">+34 647 61 60 12<\/p><\/div><div class=\"q_icon_list\"><i class=\"qode_icon_font_awesome fa fa-envelope qode-ili-icon-holder transparent\" style=\"font-size: 20px;color: #903de2;\" ><\/i><p style=\"color:#383838;font-size: 15px;\">gustavo@virgendeoctubre.com<\/p><\/div>[vc_empty_space height=\u00bb22px\u00bb]<a  itemprop=\"url\" href=\"\" target=\"_self\"  class=\"qbutton  default\" style=\"\">CONTACTO<\/a>[vc_empty_space height=\u00bb22px\u00bb][\/qode_elements_holder_item][\/qode_elements_holder][\/vc_column][\/vc_row]<\/p>\n<\/div>","protected":false},"excerpt":{"rendered":"<p>[vc_row css_animation=\u00bb\u00bb row_type=\u00bbrow\u00bb use_row_as_full_screen_section=\u00bbyes\u00bb type=\u00bbgrid\u00bb angled_section=\u00bbno\u00bb text_align=\u00bbleft\u00bb background_image_as_pattern=\u00bbwithout_pattern\u00bb z_index=\u00bb\u00bb css=\u00bb.vc_custom_1724192851480{background-image: url(https:\/\/www.virgendeoctubre.com\/wp-content\/uploads\/2024\/08\/FIRST-1.jpg?id=384) !important;}\u00bb][vc_column][qode_elements_holder number_of_columns=\u00bbone_column\u00bb][qode_elements_holder_item advanced_animations=\u00bbno\u00bb item_padding=\u00bb51px 0px 0px 29px\u00bb item_padding_1280_1440=\u00bb73px 0px 0px 0px\u00bb item_padding_1024_1280=\u00bb73px 0px 0px 0px\u00bb item_padding_600_768=\u00bb51px 0px 25px 0px\u00bb][vc_column_text css=\u00bb\u00bb] Asesor\u00eda fiscal y contable [\/vc_column_text][vc_empty_space height=\u00bb20px\u00bb][vc_column_text css=\u00bb\u00bb] Cada cliente y profesional recibe un trato&#8230;<\/p>\n","protected":false},"author":1,"featured_media":0,"parent":0,"menu_order":0,"comment_status":"closed","ping_status":"closed","template":"full_screen.php","meta":{"content-type":"","footnotes":""},"class_list":["post-330","page","type-page","status-publish","hentry"],"yoast_head":"<!-- This site is optimized with the Yoast SEO plugin v26.5 - https:\/\/yoast.com\/wordpress\/plugins\/seo\/ -->\n<title>Inicio - Gestoria VIRGEN DE OCTUBRE<\/title>\n<meta name=\"description\" content=\"Servicio de asesor\u00eda financiera y contable en la SIERRA NORTE de Madrid. Fiscalidad de Aut\u00f3nomos y empresas.\" \/>\n<meta name=\"robots\" content=\"index, follow, max-snippet:-1, max-image-preview:large, max-video-preview:-1\" \/>\n<link rel=\"canonical\" href=\"https:\/\/www.virgendeoctubre.com\/\" \/>\n<meta property=\"og:locale\" content=\"es_ES\" \/>\n<meta property=\"og:type\" content=\"article\" \/>\n<meta property=\"og:title\" content=\"Inicio - Gestoria VIRGEN DE OCTUBRE\" \/>\n<meta property=\"og:description\" content=\"Servicio de asesor\u00eda financiera y contable en la SIERRA NORTE de Madrid. Fiscalidad de Aut\u00f3nomos y empresas.\" \/>\n<meta property=\"og:url\" content=\"https:\/\/www.virgendeoctubre.com\/\" \/>\n<meta property=\"og:site_name\" content=\"Gestoria VIRGEN DE OCTUBRE\" \/>\n<meta property=\"article:modified_time\" content=\"2024-08-21T17:51:55+00:00\" \/>\n<meta name=\"twitter:card\" content=\"summary_large_image\" \/>\n<meta name=\"twitter:label1\" content=\"Tiempo de lectura\" \/>\n\t<meta name=\"twitter:data1\" content=\"5 minutos\" \/>\n<script type=\"application\/ld+json\" class=\"yoast-schema-graph\">{\"@context\":\"https:\/\/schema.org\",\"@graph\":[{\"@type\":\"WebPage\",\"@id\":\"https:\/\/www.virgendeoctubre.com\/\",\"url\":\"https:\/\/www.virgendeoctubre.com\/\",\"name\":\"Inicio - Gestoria VIRGEN DE OCTUBRE\",\"isPartOf\":{\"@id\":\"https:\/\/www.virgendeoctubre.com\/#website\"},\"datePublished\":\"2018-06-19T09:06:23+00:00\",\"dateModified\":\"2024-08-21T17:51:55+00:00\",\"description\":\"Servicio de asesor\u00eda financiera y contable en la SIERRA NORTE de Madrid. Fiscalidad de Aut\u00f3nomos y empresas.\",\"breadcrumb\":{\"@id\":\"https:\/\/www.virgendeoctubre.com\/#breadcrumb\"},\"inLanguage\":\"es\",\"potentialAction\":[{\"@type\":\"ReadAction\",\"target\":[\"https:\/\/www.virgendeoctubre.com\/\"]}]},{\"@type\":\"BreadcrumbList\",\"@id\":\"https:\/\/www.virgendeoctubre.com\/#breadcrumb\",\"itemListElement\":[{\"@type\":\"ListItem\",\"position\":1,\"name\":\"Portada\",\"item\":\"https:\/\/www.virgendeoctubre.com\/\"},{\"@type\":\"ListItem\",\"position\":2,\"name\":\"Inicio\"}]},{\"@type\":\"WebSite\",\"@id\":\"https:\/\/www.virgendeoctubre.com\/#website\",\"url\":\"https:\/\/www.virgendeoctubre.com\/\",\"name\":\"Gestoria VIRGEN DE OCTUBRE\",\"description\":\"Gestor\u00eda y asesor\u00eda fiscal y contable\",\"potentialAction\":[{\"@type\":\"SearchAction\",\"target\":{\"@type\":\"EntryPoint\",\"urlTemplate\":\"https:\/\/www.virgendeoctubre.com\/?s={search_term_string}\"},\"query-input\":{\"@type\":\"PropertyValueSpecification\",\"valueRequired\":true,\"valueName\":\"search_term_string\"}}],\"inLanguage\":\"es\"}]}<\/script>\n<!-- \/ Yoast SEO plugin. -->","yoast_head_json":{"title":"Inicio - Gestoria VIRGEN DE OCTUBRE","description":"Servicio de asesor\u00eda financiera y contable en la SIERRA NORTE de Madrid. Fiscalidad de Aut\u00f3nomos y empresas.","robots":{"index":"index","follow":"follow","max-snippet":"max-snippet:-1","max-image-preview":"max-image-preview:large","max-video-preview":"max-video-preview:-1"},"canonical":"https:\/\/www.virgendeoctubre.com\/","og_locale":"es_ES","og_type":"article","og_title":"Inicio - Gestoria VIRGEN DE OCTUBRE","og_description":"Servicio de asesor\u00eda financiera y contable en la SIERRA NORTE de Madrid. Fiscalidad de Aut\u00f3nomos y empresas.","og_url":"https:\/\/www.virgendeoctubre.com\/","og_site_name":"Gestoria VIRGEN DE OCTUBRE","article_modified_time":"2024-08-21T17:51:55+00:00","twitter_card":"summary_large_image","twitter_misc":{"Tiempo de lectura":"5 minutos"},"schema":{"@context":"https:\/\/schema.org","@graph":[{"@type":"WebPage","@id":"https:\/\/www.virgendeoctubre.com\/","url":"https:\/\/www.virgendeoctubre.com\/","name":"Inicio - Gestoria VIRGEN DE OCTUBRE","isPartOf":{"@id":"https:\/\/www.virgendeoctubre.com\/#website"},"datePublished":"2018-06-19T09:06:23+00:00","dateModified":"2024-08-21T17:51:55+00:00","description":"Servicio de asesor\u00eda financiera y contable en la SIERRA NORTE de Madrid. Fiscalidad de Aut\u00f3nomos y empresas.","breadcrumb":{"@id":"https:\/\/www.virgendeoctubre.com\/#breadcrumb"},"inLanguage":"es","potentialAction":[{"@type":"ReadAction","target":["https:\/\/www.virgendeoctubre.com\/"]}]},{"@type":"BreadcrumbList","@id":"https:\/\/www.virgendeoctubre.com\/#breadcrumb","itemListElement":[{"@type":"ListItem","position":1,"name":"Portada","item":"https:\/\/www.virgendeoctubre.com\/"},{"@type":"ListItem","position":2,"name":"Inicio"}]},{"@type":"WebSite","@id":"https:\/\/www.virgendeoctubre.com\/#website","url":"https:\/\/www.virgendeoctubre.com\/","name":"Gestoria VIRGEN DE OCTUBRE","description":"Gestor\u00eda y asesor\u00eda fiscal y contable","potentialAction":[{"@type":"SearchAction","target":{"@type":"EntryPoint","urlTemplate":"https:\/\/www.virgendeoctubre.com\/?s={search_term_string}"},"query-input":{"@type":"PropertyValueSpecification","valueRequired":true,"valueName":"search_term_string"}}],"inLanguage":"es"}]}},"_links":{"self":[{"href":"https:\/\/www.virgendeoctubre.com\/index.php?rest_route=\/wp\/v2\/pages\/330","targetHints":{"allow":["GET"]}}],"collection":[{"href":"https:\/\/www.virgendeoctubre.com\/index.php?rest_route=\/wp\/v2\/pages"}],"about":[{"href":"https:\/\/www.virgendeoctubre.com\/index.php?rest_route=\/wp\/v2\/types\/page"}],"author":[{"embeddable":true,"href":"https:\/\/www.virgendeoctubre.com\/index.php?rest_route=\/wp\/v2\/users\/1"}],"replies":[{"embeddable":true,"href":"https:\/\/www.virgendeoctubre.com\/index.php?rest_route=%2Fwp%2Fv2%2Fcomments&post=330"}],"version-history":[{"count":50,"href":"https:\/\/www.virgendeoctubre.com\/index.php?rest_route=\/wp\/v2\/pages\/330\/revisions"}],"predecessor-version":[{"id":488,"href":"https:\/\/www.virgendeoctubre.com\/index.php?rest_route=\/wp\/v2\/pages\/330\/revisions\/488"}],"wp:attachment":[{"href":"https:\/\/www.virgendeoctubre.com\/index.php?rest_route=%2Fwp%2Fv2%2Fmedia&parent=330"}],"curies":[{"name":"wp","href":"https:\/\/api.w.org\/{rel}","templated":true}]}}