{"id":3,"date":"2024-08-19T09:00:40","date_gmt":"2024-08-19T09:00:40","guid":{"rendered":"https:\/\/www.virgendeoctubre.com\/?page_id=3"},"modified":"2024-08-21T17:56:39","modified_gmt":"2024-08-21T17:56:39","slug":"privacy-policy","status":"publish","type":"page","link":"https:\/\/www.virgendeoctubre.com\/?page_id=3","title":{"rendered":"Pol\u00edtica de Privacidad y Copyright"},"content":{"rendered":"\r\n<h2 class=\"wp-block-heading\">Quienes somos<\/h2>\r\n<p>&nbsp;<\/p>\r\n\r\n\r\n\r\n\r\n\r\n<p style=\"padding-left: 80px;\">Somos la asesor\u00eda Virgen de Octubre, de El Vell\u00f3n 28722 (Madrid)<\/p>\r\n<p>&nbsp;<\/p>\r\n<p>\r\n\r\n<\/p>\r\n<p style=\"padding-left: 80px;\">https:\/\/www.virgendeoctubre.com.<\/p>\r\n<p>&nbsp;<\/p>\r\n<p>\r\n\r\n<\/p>\r\n<h2 class=\"wp-block-heading\">Comentarios<\/h2>\r\n<p>&nbsp;<\/p>\r\n<p>\r\n\r\n<\/p>\r\n<p style=\"padding-left: 80px;\">Los comentarios en esta p\u00e1gina no est\u00e1n habilitados, pero en todo caso, cualquier comentario ser\u00eda revisado antes de su publicaci\u00f3n, para evitar SPAM, y su direcci\u00f3n IP o datos de navegaci\u00f3n son an\u00f3nimos, siendo el servicio de Gravatar el que aplica la pol\u00edtica de privacidad, disponible aqu\u00ed para su lectura: https:\/\/automattic.com\/privacy\/.<\/p>\r\n<p>&nbsp;<\/p>\r\n<p>\r\n\r\n<\/p>\r\n<p style=\"padding-left: 80px;\">Despu\u00e9s de la aprobaci\u00f3n de su comentario, la imagen de su avatar y su nombre ser\u00e1n visibles al p\u00fablico en el contexto de su comentario.<\/p>\r\n<p>\r\n\r\n<\/p>\r\n<p>&nbsp;<\/p>\r\n<p>\r\n\r\n<\/p>\r\n<h2 class=\"wp-block-heading\">Media<\/h2>\r\n<p>\r\n\r\n<\/p>\r\n<p>&nbsp;<\/p>\r\n<p>\r\n\r\n<\/p>\r\n<p style=\"padding-left: 80px;\">Las im\u00e1genes usadas para la p\u00e1gina web han sido dise\u00f1adas por Freepik, se han descargado gratuitamente de la p\u00e1gina web: http:\/\/www.freepik.es\/ .<\/p>\r\n<p>\r\n\r\n<\/p>\r\n<p>&nbsp;<\/p>\r\n<p>\r\n\r\n<\/p>\r\n<p style=\"padding-left: 80px;\">Los autores de estas im\u00e1genes son los siguientes:<\/p>\r\n<p>\r\n\r\n<\/p>\r\n<p>&nbsp;<\/p>\r\n<p>\r\n\r\n<\/p>\r\n<p style=\"padding-left: 120px;\"><a href=\"https:\/\/www.freepik.es\/foto-gratis\/mano-asunto-telefono-movil_1254913.htm#fromView=search&amp;page=1&amp;position=1&amp;uuid=a3785c8d-eee2-4b6a-a1e7-31f99c0f9648\">Imagen de jannoon028 en Freepik<\/a><\/p>\r\n<p>\r\n\r\n<\/p>\r\n<p style=\"padding-left: 120px;\"><a href=\"https:\/\/www.freepik.es\/foto-gratis\/hombres-negocios-sentados-escritorio-abogados-personas-que-firman-documentos-importantes_10701157.htm#fromView=search&amp;page=1&amp;position=47&amp;uuid=558709bf-d47f-45fe-bbf4-2bccd3da9262\">Imagen de prostooleh en Freepik<\/a><\/p>\r\n<p>\r\n\r\n<\/p>\r\n<p style=\"padding-left: 120px;\"><a href=\"https:\/\/www.freepik.es\/foto-gratis\/grupo-gente-negocios-que-tiene-reunion_19069409.htm#fromView=search&amp;page=1&amp;position=16&amp;uuid=558709bf-d47f-45fe-bbf4-2bccd3da9262\">Imagen de rawpixel.com en Freepik<\/a><\/p>\r\n<p>\r\n\r\n<\/p>\r\n<p style=\"padding-left: 120px;\"><a href=\"https:\/\/www.freepik.es\/foto-gratis\/mujer-negocios_9011177.htm#fromView=search&amp;page=1&amp;position=6&amp;uuid=558709bf-d47f-45fe-bbf4-2bccd3da9262\">Imagen de Racool_studio en Freepik<\/a><\/p>\r\n<p>\r\n\r\n<\/p>\r\n<p style=\"padding-left: 120px;\"><a href=\"https:\/\/www.freepik.es\/foto-gratis\/naturaleza-muerta-pila-documentos_95018707.htm#fromView=search&amp;page=1&amp;position=2&amp;uuid=ea114849-c724-425e-ae6a-55f4e885798f\">Imagen de freepik<\/a><\/p>\r\n<p>\r\n\r\n<\/p>\r\n<p style=\"padding-left: 120px;\"><a href=\"https:\/\/www.freepik.es\/foto-gratis\/oficina-documentos-cuentas-dinero_9183786.htm#fromView=search&amp;page=1&amp;position=5&amp;uuid=18f4b7c6-a730-471b-8a9f-9b8586820c54\">Imagen de Racool_studio en Freepik<\/a><\/p>\r\n<p>\r\n\r\n<\/p>\r\n<p style=\"padding-left: 120px;\"><a href=\"https:\/\/www.freepik.es\/foto-gratis\/profesional-proyecto-empresaria-manos-trabajo-ejecutivo_1203369.htm#fromView=search&amp;page=1&amp;position=14&amp;uuid=aa86649e-6076-4b0d-b39a-31cdfba1aeea\">Imagen de mindandi en Freepik<\/a><\/p>\r\n<p>\r\n\r\n<\/p>\r\n<p style=\"padding-left: 120px;\"><a href=\"https:\/\/www.freepik.es\/foto-gratis\/contador-calculando-ganancias-graficas-analisis-financiero_7548546.htm#fromView=search&amp;page=1&amp;position=3&amp;uuid=21f17211-5501-47d7-805a-878cfe9d0757\">Imagen de pch.vector en Freepik<\/a><\/p>\r\n<p>\r\n\r\n<\/p>\r\n<p style=\"padding-left: 80px;\">\u00a0<\/p>\r\n<p>\r\n\r\n<\/p>\r\n<p style=\"padding-left: 80px;\">Hay dibujos y dise\u00f1os realizados por Luis David Gomez <a href=\"https:\/\/www.luisdavid.es\">https:\/\/www.luisdavid.es<\/a> <a href=\"https:\/\/www.dibujocreativo.com\">https:\/\/www.dibujocreativo.com<\/a><\/p>\r\n<p>\r\n\r\n<\/p>\r\n<p>&nbsp;<\/p>\r\n<p>\r\n\r\n<\/p>\r\n<h2 class=\"wp-block-heading\">Cookies y datos<\/h2>\r\n<p>\r\n\r\n<\/p>\r\n<p>&nbsp;<\/p>\r\n<p>\r\n\r\n<\/p>\r\n<p style=\"padding-left: 80px;\">En esta p\u00e1gina no se retienen datos<\/p>\r\n<p style=\"padding-left: 80px;\">En esta web se ofrecen las cookies a trav\u00e9s de la web app Cookie Yes.<\/p>\r\n<p style=\"padding-left: 80px;\">CookieYes configura cookies para recordar las preferencias de consentimiento de los usuarios para que sus preferencias se respeten en visitas posteriores a este sitio. No recopila ni almacena ninguna informaci\u00f3n personal sobre los visitantes del sitio.<\/p>\r\n<p>\r\n\r\n<\/p>\r\n<p style=\"padding-left: 80px;\">\u00a0<\/p>\r\n<p><\/p>","protected":false},"excerpt":{"rendered":"<p>Quienes somos &nbsp; Somos la asesor\u00eda Virgen de Octubre, de El Vell\u00f3n 28722 (Madrid) &nbsp; https:\/\/www.virgendeoctubre.com. &nbsp; Comentarios &nbsp; Los comentarios en esta p\u00e1gina no est\u00e1n habilitados, pero en todo caso, cualquier comentario ser\u00eda revisado antes de su publicaci\u00f3n, para evitar SPAM, y su direcci\u00f3n&#8230;<\/p>\n","protected":false},"author":1,"featured_media":0,"parent":0,"menu_order":0,"comment_status":"closed","ping_status":"closed","template":"full_width.php","meta":{"content-type":"","footnotes":""},"class_list":["post-3","page","type-page","status-publish","hentry"],"yoast_head":"<!-- This site is optimized with the Yoast SEO plugin v26.5 - https:\/\/yoast.com\/wordpress\/plugins\/seo\/ -->\n<title>Pol\u00edtica de Privacidad y Copyright - Gestoria VIRGEN DE OCTUBRE<\/title>\n<meta name=\"description\" content=\"Asesor\u00eda fiscal y contable y gestores de KIT DIGITAL para empresas y aut\u00f3nomos en la Sierra Norte de Madrid.\" \/>\n<meta name=\"robots\" content=\"index, follow, max-snippet:-1, max-image-preview:large, max-video-preview:-1\" \/>\n<link rel=\"canonical\" href=\"https:\/\/www.virgendeoctubre.com\/?page_id=3\" \/>\n<meta property=\"og:locale\" content=\"es_ES\" \/>\n<meta property=\"og:type\" content=\"article\" \/>\n<meta property=\"og:title\" content=\"Pol\u00edtica de Privacidad y Copyright - Gestoria VIRGEN DE OCTUBRE\" \/>\n<meta property=\"og:description\" content=\"Asesor\u00eda fiscal y contable y gestores de KIT DIGITAL para empresas y aut\u00f3nomos en la Sierra Norte de Madrid.\" \/>\n<meta property=\"og:url\" content=\"https:\/\/www.virgendeoctubre.com\/?page_id=3\" \/>\n<meta property=\"og:site_name\" content=\"Gestoria VIRGEN DE OCTUBRE\" \/>\n<meta property=\"article:modified_time\" content=\"2024-08-21T17:56:39+00:00\" \/>\n<meta name=\"twitter:card\" content=\"summary_large_image\" \/>\n<meta name=\"twitter:label1\" content=\"Tiempo de lectura\" \/>\n\t<meta name=\"twitter:data1\" content=\"2 minutos\" \/>\n<script type=\"application\/ld+json\" class=\"yoast-schema-graph\">{\"@context\":\"https:\/\/schema.org\",\"@graph\":[{\"@type\":\"WebPage\",\"@id\":\"https:\/\/www.virgendeoctubre.com\/?page_id=3\",\"url\":\"https:\/\/www.virgendeoctubre.com\/?page_id=3\",\"name\":\"Pol\u00edtica de Privacidad y Copyright - Gestoria VIRGEN DE OCTUBRE\",\"isPartOf\":{\"@id\":\"https:\/\/www.virgendeoctubre.com\/#website\"},\"datePublished\":\"2024-08-19T09:00:40+00:00\",\"dateModified\":\"2024-08-21T17:56:39+00:00\",\"description\":\"Asesor\u00eda fiscal y contable y gestores de KIT DIGITAL para empresas y aut\u00f3nomos en la Sierra Norte de Madrid.\",\"breadcrumb\":{\"@id\":\"https:\/\/www.virgendeoctubre.com\/?page_id=3#breadcrumb\"},\"inLanguage\":\"es\",\"potentialAction\":[{\"@type\":\"ReadAction\",\"target\":[\"https:\/\/www.virgendeoctubre.com\/?page_id=3\"]}]},{\"@type\":\"BreadcrumbList\",\"@id\":\"https:\/\/www.virgendeoctubre.com\/?page_id=3#breadcrumb\",\"itemListElement\":[{\"@type\":\"ListItem\",\"position\":1,\"name\":\"Portada\",\"item\":\"https:\/\/www.virgendeoctubre.com\/\"},{\"@type\":\"ListItem\",\"position\":2,\"name\":\"Pol\u00edtica de Privacidad y Copyright\"}]},{\"@type\":\"WebSite\",\"@id\":\"https:\/\/www.virgendeoctubre.com\/#website\",\"url\":\"https:\/\/www.virgendeoctubre.com\/\",\"name\":\"Gestoria VIRGEN DE OCTUBRE\",\"description\":\"Gestor\u00eda y asesor\u00eda fiscal y contable\",\"potentialAction\":[{\"@type\":\"SearchAction\",\"target\":{\"@type\":\"EntryPoint\",\"urlTemplate\":\"https:\/\/www.virgendeoctubre.com\/?s={search_term_string}\"},\"query-input\":{\"@type\":\"PropertyValueSpecification\",\"valueRequired\":true,\"valueName\":\"search_term_string\"}}],\"inLanguage\":\"es\"}]}<\/script>\n<!-- \/ Yoast SEO plugin. -->","yoast_head_json":{"title":"Pol\u00edtica de Privacidad y Copyright - Gestoria VIRGEN DE OCTUBRE","description":"Asesor\u00eda fiscal y contable y gestores de KIT DIGITAL para empresas y aut\u00f3nomos en la Sierra Norte de Madrid.","robots":{"index":"index","follow":"follow","max-snippet":"max-snippet:-1","max-image-preview":"max-image-preview:large","max-video-preview":"max-video-preview:-1"},"canonical":"https:\/\/www.virgendeoctubre.com\/?page_id=3","og_locale":"es_ES","og_type":"article","og_title":"Pol\u00edtica de Privacidad y Copyright - Gestoria VIRGEN DE OCTUBRE","og_description":"Asesor\u00eda fiscal y contable y gestores de KIT DIGITAL para empresas y aut\u00f3nomos en la Sierra Norte de Madrid.","og_url":"https:\/\/www.virgendeoctubre.com\/?page_id=3","og_site_name":"Gestoria VIRGEN DE OCTUBRE","article_modified_time":"2024-08-21T17:56:39+00:00","twitter_card":"summary_large_image","twitter_misc":{"Tiempo de lectura":"2 minutos"},"schema":{"@context":"https:\/\/schema.org","@graph":[{"@type":"WebPage","@id":"https:\/\/www.virgendeoctubre.com\/?page_id=3","url":"https:\/\/www.virgendeoctubre.com\/?page_id=3","name":"Pol\u00edtica de Privacidad y Copyright - Gestoria VIRGEN DE OCTUBRE","isPartOf":{"@id":"https:\/\/www.virgendeoctubre.com\/#website"},"datePublished":"2024-08-19T09:00:40+00:00","dateModified":"2024-08-21T17:56:39+00:00","description":"Asesor\u00eda fiscal y contable y gestores de KIT DIGITAL para empresas y aut\u00f3nomos en la Sierra Norte de Madrid.","breadcrumb":{"@id":"https:\/\/www.virgendeoctubre.com\/?page_id=3#breadcrumb"},"inLanguage":"es","potentialAction":[{"@type":"ReadAction","target":["https:\/\/www.virgendeoctubre.com\/?page_id=3"]}]},{"@type":"BreadcrumbList","@id":"https:\/\/www.virgendeoctubre.com\/?page_id=3#breadcrumb","itemListElement":[{"@type":"ListItem","position":1,"name":"Portada","item":"https:\/\/www.virgendeoctubre.com\/"},{"@type":"ListItem","position":2,"name":"Pol\u00edtica de Privacidad y Copyright"}]},{"@type":"WebSite","@id":"https:\/\/www.virgendeoctubre.com\/#website","url":"https:\/\/www.virgendeoctubre.com\/","name":"Gestoria VIRGEN DE OCTUBRE","description":"Gestor\u00eda y asesor\u00eda fiscal y contable","potentialAction":[{"@type":"SearchAction","target":{"@type":"EntryPoint","urlTemplate":"https:\/\/www.virgendeoctubre.com\/?s={search_term_string}"},"query-input":{"@type":"PropertyValueSpecification","valueRequired":true,"valueName":"search_term_string"}}],"inLanguage":"es"}]}},"_links":{"self":[{"href":"https:\/\/www.virgendeoctubre.com\/index.php?rest_route=\/wp\/v2\/pages\/3","targetHints":{"allow":["GET"]}}],"collection":[{"href":"https:\/\/www.virgendeoctubre.com\/index.php?rest_route=\/wp\/v2\/pages"}],"about":[{"href":"https:\/\/www.virgendeoctubre.com\/index.php?rest_route=\/wp\/v2\/types\/page"}],"author":[{"embeddable":true,"href":"https:\/\/www.virgendeoctubre.com\/index.php?rest_route=\/wp\/v2\/users\/1"}],"replies":[{"embeddable":true,"href":"https:\/\/www.virgendeoctubre.com\/index.php?rest_route=%2Fwp%2Fv2%2Fcomments&post=3"}],"version-history":[{"count":14,"href":"https:\/\/www.virgendeoctubre.com\/index.php?rest_route=\/wp\/v2\/pages\/3\/revisions"}],"predecessor-version":[{"id":490,"href":"https:\/\/www.virgendeoctubre.com\/index.php?rest_route=\/wp\/v2\/pages\/3\/revisions\/490"}],"wp:attachment":[{"href":"https:\/\/www.virgendeoctubre.com\/index.php?rest_route=%2Fwp%2Fv2%2Fmedia&parent=3"}],"curies":[{"name":"wp","href":"https:\/\/api.w.org\/{rel}","templated":true}]}}