{"id":196,"date":"2018-06-20T08:37:56","date_gmt":"2018-06-20T08:37:56","guid":{"rendered":"http:\/\/bridge250.qodeinteractive.com\/?page_id=196"},"modified":"2024-08-21T17:52:28","modified_gmt":"2024-08-21T17:52:28","slug":"asesoria-en-la-sierra-norte-de-madrid","status":"publish","type":"page","link":"https:\/\/www.virgendeoctubre.com\/?page_id=196","title":{"rendered":"\u00bfQUI\u00c9NES SOMOS?"},"content":{"rendered":"<div class=\"wpb-content-wrapper\"><p>[vc_row css_animation=\u00bb\u00bb row_type=\u00bbrow\u00bb use_row_as_full_screen_section=\u00bbno\u00bb type=\u00bbfull_width\u00bb angled_section=\u00bbno\u00bb text_align=\u00bbleft\u00bb background_image_as_pattern=\u00bbwithout_pattern\u00bb z_index=\u00bb\u00bb css=\u00bb.vc_custom_1529487778387{background-image: url(http:\/\/bridge250.qodeinteractive.com\/wp-content\/uploads\/2018\/06\/About-img-1.jpg?id=202) !important;}\u00bb][vc_column][vc_row_inner row_type=\u00bbrow\u00bb type=\u00bbgrid\u00bb text_align=\u00bbleft\u00bb css_animation=\u00bb\u00bb padding_top=\u00bb140&#8243;][vc_column_inner width=\u00bb1\/4&#8243;][\/vc_column_inner][vc_column_inner width=\u00bb3\/4&#8243; css=\u00bb.vc_custom_1529416002023{border-top-width: 10px !important;border-right-width: 10px !important;border-bottom-width: 10px !important;border-left-width: 10px !important;border-left-color: #ffffff !important;border-left-style: solid !important;border-right-color: #ffffff !important;border-right-style: solid !important;border-top-color: #ffffff !important;border-top-style: solid !important;border-bottom-color: #ffffff !important;border-bottom-style: solid !important;}\u00bb][qode_elements_holder number_of_columns=\u00bbone_column\u00bb custom_class=\u00bbqode-counter-row\u00bb][qode_elements_holder_item advanced_animations=\u00bbno\u00bb item_padding=\u00bb125px 0px 141px 316px\u00bb item_padding_1024_1280=\u00bb186px 0px 0px 298px\u00bb item_padding_768_1024=\u00bb13px 0px 52px 227px\u00bb item_padding_600_768=\u00bb13px 0px 290px 14px\u00bb item_padding_480_600=\u00bb0px 0px 359px 11px\u00bb item_padding_480=\u00bb0px 0px 359px 11px\u00bb][vc_column_text css=\u00bb\u00bb]<\/p>\n<h2><span style=\"color: #3b3b3c;\">\u00bfQui\u00e9nes somos?<br \/>\n<\/span><\/h2>\n<p>[\/vc_column_text][vc_empty_space height=\u00bb22px\u00bb][vc_column_text css=\u00bb\u00bb]<span style=\"color: #5d5c5c;\">Somos una peque\u00f1a asesor\u00eda en la Sierra Norte de Madrid.<br \/>\n<\/span><\/p>\n<p>Ofrecemos servicios de gestor\u00eda financiera y contable para tu empresa. Nos encargamos de la planificaci\u00f3n financiera, control de cuentas, y cumplimiento fiscal, garantizando que tu negocio est\u00e9 siempre en orden y optimizando tus recursos. \u00a1Deja tus finanzas en manos expertas y enf\u00f3cate en lo que realmente importa![\/vc_column_text][vc_empty_space height=\u00bb22px\u00bb][\/qode_elements_holder_item][\/qode_elements_holder][\/vc_column_inner][\/vc_row_inner][vc_row_inner row_type=\u00bbrow\u00bb type=\u00bbgrid\u00bb text_align=\u00bbleft\u00bb css_animation=\u00bb\u00bb padding_bottom=\u00bb136&#8243;][vc_column_inner width=\u00bb1\/2&#8243; css=\u00bb.vc_custom_1529582794378{margin-top: -97% !important;}\u00bb][vc_single_image image=\u00bb392&#8243; img_size=\u00bbfull\u00bb css=\u00bb\u00bb qode_css_animation=\u00bb\u00bb][\/vc_column_inner][vc_column_inner width=\u00bb1\/2&#8243;][\/vc_column_inner][\/vc_row_inner][\/vc_column][\/vc_row][vc_row css_animation=\u00bb\u00bb row_type=\u00bbrow\u00bb use_row_as_full_screen_section=\u00bbno\u00bb type=\u00bbfull_width\u00bb angled_section=\u00bbno\u00bb text_align=\u00bbleft\u00bb background_image_as_pattern=\u00bbwithout_pattern\u00bb z_index=\u00bb\u00bb css=\u00bb.vc_custom_1529487848463{background-image: url(http:\/\/bridge250.qodeinteractive.com\/wp-content\/uploads\/2018\/06\/background-fifth.jpg?id=134) !important;}\u00bb][vc_column][vc_row_inner row_type=\u00bbrow\u00bb type=\u00bbgrid\u00bb text_align=\u00bbleft\u00bb css_animation=\u00bb\u00bb padding_top=\u00bb143&#8243;][vc_column_inner width=\u00bb2\/3&#8243;][qode_elements_holder number_of_columns=\u00bbone_column\u00bb][qode_elements_holder_item cover=\u00bbyes\u00bb advanced_animations=\u00bbno\u00bb background_image=\u00bb138&#8243; item_padding=\u00bb134px 32px 95px 53px\u00bb item_padding_1280_1440=\u00bb164px 32px 63px 53px\u00bb item_padding_1024_1280=\u00bb88px 32px 95px 53px\u00bb item_padding_768_1024=\u00bb45px 32px 67px 53px\u00bb item_padding_600_768=\u00bb48px 2px 98px 31px\u00bb item_padding_480_600=\u00bb51px 0px 169px 20px\u00bb item_padding_480=\u00bb51px 0px 169px 20px\u00bb custom_class=\u00bbqode-eh-with-background\u00bb][vc_column_text css=\u00bb\u00bb]<\/p>\n<h2><span style=\"color: #ffffff;\">Gustavo nos ha dado un trato muy cercano<br \/>\n<\/span><\/h2>\n<p>[\/vc_column_text][vc_empty_space height=\u00bb34px\u00bb][vc_column_text css=\u00bb\u00bb]<span style=\"color: #ffffff;\">Desde hace a\u00f1os la asesor\u00eda lleva nuestros asuntos fiscales como aut\u00f3nomos y siempre se ha realizado el trabajo en tiempo y forma.<br \/>\n<\/span>[\/vc_column_text][vc_empty_space height=\u00bb34px\u00bb][vc_column_text css=\u00bb\u00bb]<\/p>\n<h5><span style=\"font-size: 17px; color: #ffffff;\"><strong>&#8211; Luis David G\u00f3mez<\/strong><br \/>\n<\/span><\/h5>\n<p>[\/vc_column_text][\/qode_elements_holder_item][\/qode_elements_holder][\/vc_column_inner][vc_column_inner width=\u00bb1\/3&#8243;][\/vc_column_inner][\/vc_row_inner][vc_row_inner row_type=\u00bbrow\u00bb type=\u00bbgrid\u00bb text_align=\u00bbleft\u00bb css_animation=\u00bb\u00bb padding_bottom=\u00bb130&#8243;][vc_column_inner width=\u00bb5\/12&#8243;][\/vc_column_inner][vc_column_inner width=\u00bb7\/12&#8243; css=\u00bb.vc_custom_1529421046588{margin-top: -50% !important;}\u00bb][vc_single_image image=\u00bb351&#8243; img_size=\u00bb300&#215;300&#8243; alignment=\u00bbright\u00bb css=\u00bb\u00bb qode_css_animation=\u00bb\u00bb][\/vc_column_inner][\/vc_row_inner][\/vc_column][\/vc_row][vc_row css_animation=\u00bb\u00bb row_type=\u00bbrow\u00bb use_row_as_full_screen_section=\u00bbno\u00bb type=\u00bbgrid\u00bb header_style=\u00bbdark\u00bb angled_section=\u00bbno\u00bb text_align=\u00bbcenter\u00bb background_image_as_pattern=\u00bbwithout_pattern\u00bb padding_top=\u00bb144&#8243; css=\u00bb.vc_custom_1724254699274{background-image: url(https:\/\/www.virgendeoctubre.com\/wp-content\/uploads\/2024\/08\/Sin-titulo-4.jpg?id=361) !important;}\u00bb z_index=\u00bb\u00bb][vc_column][vc_column_text css=\u00bb\u00bb]<\/p>\n<h2>Nuestros servicios:<\/h2>\n<p>[\/vc_column_text][vc_empty_space height=\u00bb70px\u00bb][vc_row_inner row_type=\u00bbrow\u00bb type=\u00bbfull_width\u00bb text_align=\u00bbleft\u00bb css_animation=\u00bb\u00bb padding_bottom=\u00bb100&#8243;][vc_column_inner offset=\u00bbvc_col-lg-4 vc_col-md-4&#8243;][vc_column_text css=\u00bb\u00bb]<\/p>\n<h3><span style=\"color: #333333;\">Gestiones de empresa y aut\u00f3nomos<\/span><\/h3>\n<p>[\/vc_column_text][vc_empty_space height=\u00bb10px\u00bb][vc_column_text css=\u00bb\u00bb]Nos encargamos de la gesti\u00f3n laboral, contratos, n\u00f3minas y las tareas administrativas que requieren tiempo y dedicaci\u00f3n. Enf\u00f3cate en lo que realmente importa para tu negocio.[\/vc_column_text][vc_empty_space height=\u00bb40px\u00bb][\/vc_column_inner][vc_column_inner offset=\u00bbvc_col-lg-4 vc_col-md-4&#8243;][vc_column_text css=\u00bb\u00bb]<\/p>\n<div class=\"wpb_text_column wpb_content_element \">\n<div class=\"wpb_wrapper\">\n<h3>Asesoramiento y gesti\u00f3n contable<\/h3>\n<\/div>\n<\/div>\n<div class=\"vc_empty_space\"><\/div>\n<p>[\/vc_column_text][vc_empty_space height=\u00bb10px\u00bb][vc_column_text css=\u00bb\u00bb]<\/p>\n<div class=\"wpb_text_column wpb_content_element \">\n<div class=\"wpb_wrapper\">\n<p>Orientaci\u00f3n experta sobre temas financieros y fiscales, asegurando el cumplimiento normativo y optimizando los recursos econ\u00f3micos de su empresa o situaci\u00f3n particular.<\/p>\n<\/div>\n<\/div>\n<div class=\"vc_empty_space\"><\/div>\n<p>[\/vc_column_text][vc_empty_space height=\u00bb40px\u00bb][\/vc_column_inner][vc_column_inner offset=\u00bbvc_col-lg-4 vc_col-md-4&#8243;][vc_column_text css=\u00bb\u00bb]<\/p>\n<h3>Fiscalidad de aut\u00f3nomos y empresas<\/h3>\n<p>[\/vc_column_text][vc_empty_space height=\u00bb10px\u00bb][vc_column_text css=\u00bb\u00bb]Preparaci\u00f3n y revisi\u00f3n de estados financieros, declaraciones de impuestos, y la implementaci\u00f3n de estrategias contables que favorezcan la eficiencia y sostenibilidad financiera.[\/vc_column_text][vc_empty_space height=\u00bb40px\u00bb][\/vc_column_inner][\/vc_row_inner]\n\n\t<a href=\"https:\/\/www.virgendeoctubre.com\/\" target=\"_self\" style=\"color: #ffffff;background-color: #8224e3\" class=\"qode-btn qode-btn-medium qode-btn-solid qode-btn-custom-hover-bg qode-btn-custom-hover-color qode-btn-default-hover\" data-hover-bg-color=\"#ffffff\" data-hover-color=\"#8224e3\" >\n\t    <span class=\"qode-btn-text\">VOLVER A LA P\u00c1GINA DE INICIO<\/span>\t<\/a>\n\n[\/vc_column][\/vc_row]<\/p>\n<\/div>","protected":false},"excerpt":{"rendered":"<p>[vc_row css_animation=\u00bb\u00bb row_type=\u00bbrow\u00bb use_row_as_full_screen_section=\u00bbno\u00bb type=\u00bbfull_width\u00bb angled_section=\u00bbno\u00bb text_align=\u00bbleft\u00bb background_image_as_pattern=\u00bbwithout_pattern\u00bb z_index=\u00bb\u00bb css=\u00bb.vc_custom_1529487778387{background-image: url(http:\/\/bridge250.qodeinteractive.com\/wp-content\/uploads\/2018\/06\/About-img-1.jpg?id=202) !important;}\u00bb][vc_column][vc_row_inner row_type=\u00bbrow\u00bb type=\u00bbgrid\u00bb text_align=\u00bbleft\u00bb css_animation=\u00bb\u00bb padding_top=\u00bb140&#8243;][vc_column_inner width=\u00bb1\/4&#8243;][\/vc_column_inner][vc_column_inner width=\u00bb3\/4&#8243; css=\u00bb.vc_custom_1529416002023{border-top-width: 10px !important;border-right-width: 10px !important;border-bottom-width: 10px !important;border-left-width: 10px !important;border-left-color: #ffffff !important;border-left-style: solid !important;border-right-color: #ffffff !important;border-right-style: solid !important;border-top-color: #ffffff !important;border-top-style: solid !important;border-bottom-color: #ffffff !important;border-bottom-style: solid !important;}\u00bb][qode_elements_holder number_of_columns=\u00bbone_column\u00bb&#8230;<\/p>\n","protected":false},"author":1,"featured_media":0,"parent":0,"menu_order":0,"comment_status":"closed","ping_status":"closed","template":"full_width.php","meta":{"content-type":"","footnotes":""},"class_list":["post-196","page","type-page","status-publish","hentry"],"yoast_head":"<!-- This site is optimized with the Yoast SEO plugin v26.5 - https:\/\/yoast.com\/wordpress\/plugins\/seo\/ -->\n<title>\u00bfQUI\u00c9NES SOMOS? - Gestoria VIRGEN DE OCTUBRE<\/title>\n<meta name=\"description\" content=\"Servicios de asesor\u00eda fiscal, asesor\u00eda contable y gestionamos el KIT DIGITAL por ti.\" \/>\n<meta name=\"robots\" content=\"index, follow, max-snippet:-1, max-image-preview:large, max-video-preview:-1\" \/>\n<link rel=\"canonical\" href=\"https:\/\/www.virgendeoctubre.com\/?page_id=196\" \/>\n<meta property=\"og:locale\" content=\"es_ES\" \/>\n<meta property=\"og:type\" content=\"article\" \/>\n<meta property=\"og:title\" content=\"\u00bfQUI\u00c9NES SOMOS? - Gestoria VIRGEN DE OCTUBRE\" \/>\n<meta property=\"og:description\" content=\"Servicios de asesor\u00eda fiscal, asesor\u00eda contable y gestionamos el KIT DIGITAL por ti.\" \/>\n<meta property=\"og:url\" content=\"https:\/\/www.virgendeoctubre.com\/?page_id=196\" \/>\n<meta property=\"og:site_name\" content=\"Gestoria VIRGEN DE OCTUBRE\" \/>\n<meta property=\"article:modified_time\" content=\"2024-08-21T17:52:28+00:00\" \/>\n<meta name=\"twitter:card\" content=\"summary_large_image\" \/>\n<meta name=\"twitter:label1\" content=\"Tiempo de lectura\" \/>\n\t<meta name=\"twitter:data1\" content=\"3 minutos\" \/>\n<script type=\"application\/ld+json\" class=\"yoast-schema-graph\">{\"@context\":\"https:\/\/schema.org\",\"@graph\":[{\"@type\":\"WebPage\",\"@id\":\"https:\/\/www.virgendeoctubre.com\/?page_id=196\",\"url\":\"https:\/\/www.virgendeoctubre.com\/?page_id=196\",\"name\":\"\u00bfQUI\u00c9NES SOMOS? - Gestoria VIRGEN DE OCTUBRE\",\"isPartOf\":{\"@id\":\"https:\/\/www.virgendeoctubre.com\/#website\"},\"datePublished\":\"2018-06-20T08:37:56+00:00\",\"dateModified\":\"2024-08-21T17:52:28+00:00\",\"description\":\"Servicios de asesor\u00eda fiscal, asesor\u00eda contable y gestionamos el KIT DIGITAL por ti.\",\"breadcrumb\":{\"@id\":\"https:\/\/www.virgendeoctubre.com\/?page_id=196#breadcrumb\"},\"inLanguage\":\"es\",\"potentialAction\":[{\"@type\":\"ReadAction\",\"target\":[\"https:\/\/www.virgendeoctubre.com\/?page_id=196\"]}]},{\"@type\":\"BreadcrumbList\",\"@id\":\"https:\/\/www.virgendeoctubre.com\/?page_id=196#breadcrumb\",\"itemListElement\":[{\"@type\":\"ListItem\",\"position\":1,\"name\":\"Portada\",\"item\":\"https:\/\/www.virgendeoctubre.com\/\"},{\"@type\":\"ListItem\",\"position\":2,\"name\":\"\u00bfQUI\u00c9NES SOMOS?\"}]},{\"@type\":\"WebSite\",\"@id\":\"https:\/\/www.virgendeoctubre.com\/#website\",\"url\":\"https:\/\/www.virgendeoctubre.com\/\",\"name\":\"Gestoria VIRGEN DE OCTUBRE\",\"description\":\"Gestor\u00eda y asesor\u00eda fiscal y contable\",\"potentialAction\":[{\"@type\":\"SearchAction\",\"target\":{\"@type\":\"EntryPoint\",\"urlTemplate\":\"https:\/\/www.virgendeoctubre.com\/?s={search_term_string}\"},\"query-input\":{\"@type\":\"PropertyValueSpecification\",\"valueRequired\":true,\"valueName\":\"search_term_string\"}}],\"inLanguage\":\"es\"}]}<\/script>\n<!-- \/ Yoast SEO plugin. -->","yoast_head_json":{"title":"\u00bfQUI\u00c9NES SOMOS? - Gestoria VIRGEN DE OCTUBRE","description":"Servicios de asesor\u00eda fiscal, asesor\u00eda contable y gestionamos el KIT DIGITAL por ti.","robots":{"index":"index","follow":"follow","max-snippet":"max-snippet:-1","max-image-preview":"max-image-preview:large","max-video-preview":"max-video-preview:-1"},"canonical":"https:\/\/www.virgendeoctubre.com\/?page_id=196","og_locale":"es_ES","og_type":"article","og_title":"\u00bfQUI\u00c9NES SOMOS? - Gestoria VIRGEN DE OCTUBRE","og_description":"Servicios de asesor\u00eda fiscal, asesor\u00eda contable y gestionamos el KIT DIGITAL por ti.","og_url":"https:\/\/www.virgendeoctubre.com\/?page_id=196","og_site_name":"Gestoria VIRGEN DE OCTUBRE","article_modified_time":"2024-08-21T17:52:28+00:00","twitter_card":"summary_large_image","twitter_misc":{"Tiempo de lectura":"3 minutos"},"schema":{"@context":"https:\/\/schema.org","@graph":[{"@type":"WebPage","@id":"https:\/\/www.virgendeoctubre.com\/?page_id=196","url":"https:\/\/www.virgendeoctubre.com\/?page_id=196","name":"\u00bfQUI\u00c9NES SOMOS? - Gestoria VIRGEN DE OCTUBRE","isPartOf":{"@id":"https:\/\/www.virgendeoctubre.com\/#website"},"datePublished":"2018-06-20T08:37:56+00:00","dateModified":"2024-08-21T17:52:28+00:00","description":"Servicios de asesor\u00eda fiscal, asesor\u00eda contable y gestionamos el KIT DIGITAL por ti.","breadcrumb":{"@id":"https:\/\/www.virgendeoctubre.com\/?page_id=196#breadcrumb"},"inLanguage":"es","potentialAction":[{"@type":"ReadAction","target":["https:\/\/www.virgendeoctubre.com\/?page_id=196"]}]},{"@type":"BreadcrumbList","@id":"https:\/\/www.virgendeoctubre.com\/?page_id=196#breadcrumb","itemListElement":[{"@type":"ListItem","position":1,"name":"Portada","item":"https:\/\/www.virgendeoctubre.com\/"},{"@type":"ListItem","position":2,"name":"\u00bfQUI\u00c9NES SOMOS?"}]},{"@type":"WebSite","@id":"https:\/\/www.virgendeoctubre.com\/#website","url":"https:\/\/www.virgendeoctubre.com\/","name":"Gestoria VIRGEN DE OCTUBRE","description":"Gestor\u00eda y asesor\u00eda fiscal y contable","potentialAction":[{"@type":"SearchAction","target":{"@type":"EntryPoint","urlTemplate":"https:\/\/www.virgendeoctubre.com\/?s={search_term_string}"},"query-input":{"@type":"PropertyValueSpecification","valueRequired":true,"valueName":"search_term_string"}}],"inLanguage":"es"}]}},"_links":{"self":[{"href":"https:\/\/www.virgendeoctubre.com\/index.php?rest_route=\/wp\/v2\/pages\/196","targetHints":{"allow":["GET"]}}],"collection":[{"href":"https:\/\/www.virgendeoctubre.com\/index.php?rest_route=\/wp\/v2\/pages"}],"about":[{"href":"https:\/\/www.virgendeoctubre.com\/index.php?rest_route=\/wp\/v2\/types\/page"}],"author":[{"embeddable":true,"href":"https:\/\/www.virgendeoctubre.com\/index.php?rest_route=\/wp\/v2\/users\/1"}],"replies":[{"embeddable":true,"href":"https:\/\/www.virgendeoctubre.com\/index.php?rest_route=%2Fwp%2Fv2%2Fcomments&post=196"}],"version-history":[{"count":14,"href":"https:\/\/www.virgendeoctubre.com\/index.php?rest_route=\/wp\/v2\/pages\/196\/revisions"}],"predecessor-version":[{"id":489,"href":"https:\/\/www.virgendeoctubre.com\/index.php?rest_route=\/wp\/v2\/pages\/196\/revisions\/489"}],"wp:attachment":[{"href":"https:\/\/www.virgendeoctubre.com\/index.php?rest_route=%2Fwp%2Fv2%2Fmedia&parent=196"}],"curies":[{"name":"wp","href":"https:\/\/api.w.org\/{rel}","templated":true}]}}